{"id":25567,"date":"2020-03-17T17:14:14","date_gmt":"2020-03-17T16:14:14","guid":{"rendered":"https:\/\/www.enotecaregionaleliguria.it\/?page_id=25567"},"modified":"2021-04-19T15:49:11","modified_gmt":"2021-04-19T13:49:11","slug":"i-nostri-vini","status":"publish","type":"page","link":"https:\/\/www.enotecaregionaleliguria.it\/?page_id=25567","title":{"rendered":"I vini"},"content":{"rendered":"<p>[vc_row full_width=&#8221;stretch_row&#8221; css=&#8221;.vc_custom_1589545059135{margin-top: 7% !important;margin-bottom: 0px !important;padding-top: 7% !important;padding-bottom: 5% !important;background-image: url(https:\/\/www.enotecaregionaleliguria.it\/wp-content\/uploads\/2020\/05\/5terre-hd-396-scaled-e1589458974605.jpg?id=26446) !important;background-position: center !important;background-repeat: no-repeat !important;background-size: cover !important;}&#8221; el_id=&#8221;viniheader&#8221;][vc_column][vc_column_text]<\/p>\n<h1><span style=\"color: #ffffff;\">i nostri vini<\/span><\/h1>\n<p>[\/vc_column_text][\/vc_column][\/vc_row][vc_row full_width=&#8221;stretch_row&#8221; css=&#8221;.vc_custom_1584460661909{background-color: #f7b538 !important;}&#8221;][vc_column][vc_column_text]<\/p>\n<h3><span style=\"color: #ffffff;\">LE DOP DELLA LIGURIA<\/span><\/h3>\n<p>[\/vc_column_text]<div class=\"clearboth\"><\/div><div class=\"gem-divider \" style=\"margin-bottom: 20px;\"><\/div>[\/vc_column][\/vc_row][vc_row][vc_column][vc_column_text]<\/p>\n<ul>\n<li><a href=\"https:\/\/www.enotecaregionaleliguria.it\/?page_id=26046\" target=\"_blank\" rel=\"noopener noreferrer\">DOP Rossese di Dolceacqua o Dolceacqua<\/a><\/li>\n<li><a href=\"https:\/\/www.enotecaregionaleliguria.it\/?page_id=26065\" target=\"_blank\" rel=\"noopener noreferrer\">DOP Pornassio o Ormeasco di Pornassio<\/a><\/li>\n<li><a href=\"https:\/\/www.enotecaregionaleliguria.it\/?page_id=26068\" target=\"_blank\" rel=\"noopener noreferrer\">DOP Riviera Ligure di Ponente<\/a><\/li>\n<li><a href=\"https:\/\/www.enotecaregionaleliguria.it\/?page_id=26070\" target=\"_blank\" rel=\"noopener noreferrer\">DOP Val Polcevera<\/a><\/li>\n<li><a href=\"https:\/\/www.enotecaregionaleliguria.it\/?page_id=25933\" target=\"_blank\" rel=\"noopener noreferrer\">DOP Golfo del Tigullio Portofino o Portofino<\/a><\/li>\n<li><a href=\"https:\/\/www.enotecaregionaleliguria.it\/?page_id=26072\" target=\"_blank\" rel=\"noopener noreferrer\">DOP Colline di Levanto<\/a><\/li>\n<li><a href=\"https:\/\/www.enotecaregionaleliguria.it\/?page_id=26074\" target=\"_blank\" rel=\"noopener noreferrer\">DOP Cinque Terre e Cinque Terre Sciacchetr\u00e0<\/a><\/li>\n<li><a href=\"https:\/\/www.enotecaregionaleliguria.it\/?page_id=26076\" target=\"_blank\" rel=\"noopener noreferrer\">DOP Colli di Luni<\/a><\/li>\n<\/ul>\n<p>[\/vc_column_text][\/vc_column][\/vc_row][vc_row full_width=&#8221;stretch_row&#8221; css=&#8221;.vc_custom_1584460661909{background-color: #f7b538 !important;}&#8221;][vc_column][vc_column_text]<\/p>\n<h3><span style=\"color: #ffffff;\">LE IGP DELLA LIGURIA<\/span><\/h3>\n<p>[\/vc_column_text]<div class=\"clearboth\"><\/div><div class=\"gem-divider \" style=\"margin-bottom: 20px;\"><\/div>[\/vc_column][\/vc_row][vc_row][vc_column][vc_column_text]<\/p>\n<ul>\n<li><a href=\"https:\/\/www.enotecaregionaleliguria.it\/?page_id=26079\" target=\"_blank\" rel=\"noopener noreferrer\">IGP Terrazze dell&#8217;Imperiese<\/a><\/li>\n<li><a href=\"https:\/\/www.enotecaregionaleliguria.it\/?page_id=26082\" target=\"_blank\" rel=\"noopener noreferrer\">IGP Colline Savonesi<\/a><\/li>\n<li><a href=\"https:\/\/www.enotecaregionaleliguria.it\/?page_id=26084\" target=\"_blank\" rel=\"noopener noreferrer\">IGP Colline del Genovesato<\/a><\/li>\n<li><a href=\"https:\/\/www.enotecaregionaleliguria.it\/?page_id=26087\" target=\"_blank\" rel=\"noopener noreferrer\">IGP Liguria di Levante<\/a><\/li>\n<\/ul>\n<p>[\/vc_column_text][\/vc_column][\/vc_row][vc_row full_width=&#8221;stretch_row&#8221; css=&#8221;.vc_custom_1584460661909{background-color: #f7b538 !important;}&#8221;][vc_column][vc_column_text]<\/p>\n<h3><span style=\"color: #ffffff;\">I VITIGNI AUTORIZZATI<\/span><\/h3>\n<p>[\/vc_column_text]<div class=\"clearboth\"><\/div><div class=\"gem-divider \" style=\"margin-bottom: 20px;\"><\/div>[\/vc_column][\/vc_row][vc_row][vc_column][vc_column_text]Il termine vitigno indica la particolare variet\u00e0 di vite utilizzata per la produzione del vino. I vitigni si distinguono in base alle diverse forme e colori dei chicchi d\u2019uva, alle foglie e ai periodi di maturazione, nonch\u00e9 alle caratteristiche organolettiche dei vini. In questa sezione, l\u2019elenco completo dei vitigni che compaiono nelle denominazioni DOP e IGP dei vini liguri.[\/vc_column_text][\/vc_column][\/vc_row][vc_row][vc_column][vc_tta_accordion style=&#8221;simple_dashed&#8221; c_icon=&#8221;triangle&#8221; active_section=&#8221;&#8221;][vc_tta_section title=&#8221;Albana&#8221; tab_id=&#8221;1589294815450-08082f67-0f8d&#8221;][vc_column_text]Vitigno a bacca bianca.<br \/>\nL\u2019Albana\u00a0pu\u00f2 essere usata come\u00a0vitigno complementare\u00a0in tutte le DOP e IGP regionali.[\/vc_column_text][\/vc_tta_section][vc_tta_section title=&#8221;Albarola&#8221; tab_id=&#8221;1589294706323-da779aab-f0f7&#8243;][vc_column_text]Vitigno a bacca bianca.<br \/>\nL\u2019Albarola pu\u00f2 essere usata:<br \/>\n\u2022 come vitigno principale nella DOP Colli di Luni Albarola (min. 85%);<br \/>\n\u2022 come vitigno secondario nella DOP Colline di Levanto Bianco (min. 20%) e nelle DOP Cinque Terre e Cinque Terre Sciacchetr\u00e0 (max. 40%, da solo o congiuntamente al Vermentino);<br \/>\n\u2022 come vitigno complementare in tutte le DOP e IGP regionali[\/vc_column_text][\/vc_tta_section][vc_tta_section title=&#8221;Albarossa&#8221; tab_id=&#8221;1589294836685-f5a74da8-3e0e&#8221;][vc_column_text]Vitigno a bacca rossa.<br \/>\nL\u2019Albarossa pu\u00f2 essere usata:<br \/>\n\u2022 come vitigno complementare in tutte le DOP e IGP regionali.[\/vc_column_text][\/vc_tta_section][vc_tta_section title=&#8221;Barbera&#8221; tab_id=&#8221;1589294862040-8ea7d71e-6ae1&#8243;][vc_column_text]Vitigno a bacca rossa.<br \/>\nIl\u00a0Barbera\u00a0pu\u00f2 essere usato:<br \/>\ncome\u00a0vitigno complementare\u00a0in tutte le DOP e IGP regionali[\/vc_column_text][\/vc_tta_section][vc_tta_section title=&#8221;Bianchetta Genovese&#8221; tab_id=&#8221;1589294884640-f2312f35-c26f&#8221;][vc_column_text]Vitigno a bacca bianca.<br \/>\nLa Bianchetta genovese pu\u00f2 essere usata:<br \/>\n\u2022 come vitigno principale nella DOP Val Polcevera Bianchetta (min. 85%) e nella DOP Golfo del Tigullio \u2013 Portofino Bianchetta (min. 85%);<br \/>\n\u2022 come vitigno secondario nella DOP Val Polcevera Bianco (min. 60%, da solo o congiuntamente al Vermentino e\/o all\u2019Albarola) e nella DOP Golfo del Tigullio \u2013 Portofino Bianco (min. 60%, da solo o congiuntamente al Vermentino);<br \/>\n\u2022 come vitigno complementare in tutte le DOP e IGP regionali.[\/vc_column_text][\/vc_tta_section][vc_tta_section title=&#8221;Bosco&#8221; tab_id=&#8221;1589294909190-3ec1f2ba-73aa&#8221;][vc_column_text]Vitigno a bacca bianca.<br \/>\nIl Bosco pu\u00f2 essere usato:<br \/>\n\u2022 come vitigno principale nelle DOP Cinque Terre e Cinque Terre Sciacchetr\u00e0 (min. 40%);<br \/>\n\u2022 come vitigno secondario nella DOP Colline di Levanto Bianco (min. 5%);<br \/>\n\u2022 come vitigno complementare in tutte le DOP e IGP regionali.[\/vc_column_text][\/vc_tta_section][vc_tta_section title=&#8221;Cabernet Franc&#8221; tab_id=&#8221;1589294928516-34abbf3e-f261&#8243;][vc_column_text]Vitigno a bacca rossa.<br \/>\nIl Cabernet Franc pu\u00f2 essere usato:<br \/>\n\u2022 come vitigno complementare in tutte le DOP e IGP regionali.[\/vc_column_text][\/vc_tta_section][vc_tta_section title=&#8221;Cabernet Sauvignon&#8221; tab_id=&#8221;1589294949629-cd519a53-f99f&#8221;][vc_column_text]Vitigno a bacca rossa.<br \/>\nIl Cabernet Sauvignon pu\u00f2 essere usato:<br \/>\n\u2022 come vitigno complementare in tutte le DOP e IGP regionali.[\/vc_column_text][\/vc_tta_section][vc_tta_section title=&#8221;Canaiolo&#8221; tab_id=&#8221;1589294969138-ee4190be-5605&#8243;][vc_column_text]Vitigno a bacca rosso.<br \/>\nIl Canaiolo pu\u00f2 essere usato:<br \/>\n\u2022 come vitigno principale nella IGP Liguria di Levante Canaiolo (min. 85%);<br \/>\n\u2022 come vitigno complementare in tutte le DOP e IGP regionali.[\/vc_column_text][\/vc_tta_section][vc_tta_section title=&#8221;Ciliegiolo&#8221; tab_id=&#8221;1589294990780-f34ddde1-4b35&#8243;][vc_column_text]Vitigno a bacca rossa.<br \/>\nIl Ciliegiolo pu\u00f2 essere usato:<br \/>\n\u2022 come vitigno principale nella DOP Golfo del Tigullio \u2013 Portofino Ciliegiolo (min. 85%) e nella IGP Liguria di Levante Ciliegiolo (min. 85%);<br \/>\n\u2022 come vitigno secondario nella DOP Colline di Levanto Rosso (min. 20%), nella DOP Val Polcevera Rosso (min. 60%, da solo o congiuntamente al Dolcetto e\/o al Sangiovese), nella DOP Golfo del Tigullio \u2013 Portofino Rosso (min. 60%, da solo o congiuntamente al Dolcetto);<br \/>\n\u2022 come vitigno complementare in tutte le DOP e IGP regionali.[\/vc_column_text][\/vc_tta_section][vc_tta_section title=&#8221;Granaccia (Alicante)&#8221; tab_id=&#8221;1589295019533-c3da6511-c72b&#8221;][vc_column_text]Vitigno a bacca rossa.<br \/>\nAlicante \u00e8 il nome in cui il vitigno \u00e8 conosciuto a livello nazionale, mentre Granaccia \u00e8 il sinonimo ufficiale con cui il vitigno \u00e8 conosciuto in Liguria.<br \/>\nLa Granaccia pu\u00f2 essere usata:<br \/>\n\u2022 come vitigno principale nella DOP Riviera Ligure di Ponente Granaccia (min. 90%), nella IGP Colline Savonesi Granaccia (min. 85%), nella IGP Colline del Genovesato Granaccia (min. 85%);<br \/>\n\u2022 come vitigno complementare in tutte le DOP e IGP regionali.[\/vc_column_text][\/vc_tta_section][vc_tta_section title=&#8221;Greco&#8221; tab_id=&#8221;1589295048924-7db875b8-f3e1&#8243;][vc_column_text]Vitigno a bacca bianca.<br \/>\nIl Greco pu\u00f2 essere usato:<br \/>\n\u2022 come vitigno complementare in tutte le DOP e IGP regionali.[\/vc_column_text][\/vc_tta_section][vc_tta_section title=&#8221;Lumassina&#8221; tab_id=&#8221;1589295071748-695b7b2b-be71&#8243;][vc_column_text]Vitigno a bacca bianca.<br \/>\nLa Lumassina pu\u00f2 essere usata:<br \/>\n\u2022 come vitigno principale nella IGP Colline Savonesi Lumassina (min. 85%);<br \/>\n\u2022 come vitigno complementare in tutte le DOP e IGP regionali.[\/vc_column_text][\/vc_tta_section][vc_tta_section title=&#8221;Malvasia bianca lunga&#8221; tab_id=&#8221;1589295100107-0b828cfb-efa1&#8243;][vc_column_text]Vitigno a bacca bianca.<br \/>\nLa Malvasia Bianca Lunga pu\u00f2 essere usata:<br \/>\n\u2022 come vitigno complementare nelle DOP:<br \/>\n-Colli di Luni Bianco<br \/>\n-Colli di Luni Albarola<br \/>\n-Colli di Luni Vermentino<br \/>\n-Colline di Levanto Bianco<br \/>\n-Colline di Levanto Vermentino<br \/>\n-Cinque Terre<br \/>\n-Cinque Terre Sciacchetr\u00e0<br \/>\n\u2022 come vitigno complementare nelle IGP:<br \/>\n-Liguria di Levante<br \/>\n-Colline del Genovesato Bianco<br \/>\n-Colline Savonesi Bianco[\/vc_column_text][\/vc_tta_section][vc_tta_section title=&#8221;Massaretta (Barsaglina)&#8221; tab_id=&#8221;1589295118934-4b51e100-a63f&#8221;][vc_column_text]Vitigno a bacca rossa.<br \/>\nBarsaglina \u00e8 il nome con cui il vitigno \u00e8 conosciuto a livello nazionale, mentre Massaretta \u00e8 il sinonimo ufficiale con cui il vitigno \u00e8 conosciuto in Liguria.<br \/>\nLa Massaretta pu\u00f2 essere usata:<br \/>\n\u2022 come vitigno complementare in tutte le DOP e IGP regionali.[\/vc_column_text][\/vc_tta_section][vc_tta_section title=&#8221;Merlot&#8221; tab_id=&#8221;1589295135953-e9208977-ee54&#8243;][vc_column_text]Vitigno a bacca rossa.<br \/>\nIl Merlot pu\u00f2 essere usato:<br \/>\n\u2022 come vitigno principale nella IGP Liguria di Levante Merlot (min. 80%);<br \/>\n\u2022 come vitigno complementare in tutte le DOP e IGP regionali.[\/vc_column_text][\/vc_tta_section][vc_tta_section title=&#8221;Moscato bianco&#8221; tab_id=&#8221;1589295159016-48ac0740-01e9&#8243;][vc_column_text]Vitigno a bacca bianca.<br \/>\nIl Moscato Bianco pu\u00f2 essere usato:<br \/>\n\u2022 come vitigno principale nella DOP Golfo del Tigullio \u2013 Portofino (100%) e nella DOP Riviera Ligure di Ponente (100%);<br \/>\n\u2022 come vitigno complementare nelle DOP:<br \/>\n-Colli di Luni Bianco<br \/>\n-Colli di Luni Albarola<br \/>\n-Colli di Luni Vermentino<br \/>\n-Colline di Levanto Bianco<br \/>\n-Colline di Levanto Vermentino<br \/>\n-Cinque Terre<br \/>\n\u2022 come vitigno complementare nelle IGP:<br \/>\n-Liguria di Levante<br \/>\n-Colline del Genovesato Bianco<br \/>\n-Colline Savonesi Bianco<\/p>\n<p><strong><u>NOTA<\/u><\/strong>: nella Valle Argentina Armea in provincia d\u2019Imperia viene coltivato da tempo un vitigno denominato localmente \u201c<strong>Moscatello di Taggia<\/strong>\u201d che, dopo studi ampelografici e molecolari, \u00e8 risultato essere sinonimo di Moscato Bianco. Anche se geneticamente il vitigno \u00e8 il medesimo, il biotipo \u201c<strong>Moscatello di Taggia<\/strong>\u201d possiede una qualit\u00e0 molto elevata di sostanze aromatiche (terpeni) che lo rendono particolarmente adatto alla produzione di vini dolci e di vini passiti.[\/vc_column_text][\/vc_tta_section][vc_tta_section title=&#8221;Ormeasco (Dolcetto)&#8221; tab_id=&#8221;1589295189480-4098e32f-2e93&#8243;][vc_column_text]Vitigno a bacca rossa.<br \/>\nDolcetto \u00e8 il nome con cui il vitigno \u00e8 conosciuto a livello nazionale, mentre Ormeasco \u00e8 il sinonimo ufficiale con cui il vitigno \u00e8 conosciuto in Liguria.<br \/>\nL\u2019Ormeasco pu\u00f2 essere usato:<br \/>\n\u2022 come vitigno regionale nella DOP Ormeasco di Pornassio ( min. 95%);<br \/>\n\u2022 come vitigno secondario nella IGP Terrazze dell\u2019Imperiese Rosso (min. 40%, da solo o congiuntamente al Rossese);<br \/>\n\u2022 come vitigno complementare in tutte le DOP e IGP regionali.[\/vc_column_text][\/vc_tta_section][vc_tta_section title=&#8221;Pigato&#8221; tab_id=&#8221;1589295260837-a03f7b56-2acd&#8221;][vc_column_text]Vitigno a bacca bianca.<br \/>\nIl Pigato pu\u00f2 essere usato:<br \/>\n\u2022 come vitigno principale nella DOP Riviera Ligure di Ponente Pigato (min. 95%) e nella IGP Colline del Genovesato Pigato (min. 85%);<br \/>\n\u2022 come vigneto secondario nella IGP Terrazze dell\u2019Imperiese (min. 40%, d solo o congiuntamente al Vermentino);<br \/>\n\u2022 come vitigno complementare in tutte le DOP e IGP regionali.[\/vc_column_text][\/vc_tta_section][vc_tta_section title=&#8221;Pollera&#8221; tab_id=&#8221;1589295280680-7a868723-2f1d&#8221;][vc_column_text]Vitigno a bacca rossa.<br \/>\nLa Pollera pu\u00f2 essere usata:<br \/>\n\u2022 come vigneto principale nella IGP Liguria di Levante Pollera (min. 85%);<br \/>\n\u2022 come vitigno complementare in tutte le DOP e IGP regionali.[\/vc_column_text][\/vc_tta_section][vc_tta_section title=&#8221;Rollo&#8221; tab_id=&#8221;1589295303006-371937b7-6224&#8243;][vc_column_text]Vitigno a bacca bianca.<br \/>\nIl Rollo pu\u00f2 essere usato:<br \/>\n\u2022 come vitigno complementare in tutte le DOP e IGP regionali.[\/vc_column_text][\/vc_tta_section][vc_tta_section title=&#8221;Rossese&#8221; tab_id=&#8221;1589295333714-700822d4-0dc0&#8243;][vc_column_text]Vitigno a bacca rossa.<br \/>\nIl Rossese pu\u00f2 essere usato:<br \/>\n\u2022 come vitigno principale nella DOP Rossese di Dolceacqua (min. 95%) e nella DOP Riviera Ligure di Ponente Rossese (min.90%);<br \/>\n\u2022 come vitigno secondario nella IGP Terrazze dell\u2019Imperiese Rosso (min. 40%, da solo o congiuntamente all\u2019Ormeasco);<br \/>\n\u2022 come vitigno complementare in tutte le DOP e IGP regionali.[\/vc_column_text][\/vc_tta_section][vc_tta_section title=&#8221;Rossese bianco&#8221; tab_id=&#8221;1589295349082-b8fc9cbf-cb93&#8243;][vc_column_text]Vitigno a bacca bianca.<br \/>\nIl Rossese Bianco pu\u00f2 essere usato:<br \/>\n\u2022 come vitigno complementare in tutte le DOP e IGP regionali.[\/vc_column_text][\/vc_tta_section][vc_tta_section title=&#8221;Ruzzese&#8221; tab_id=&#8221;1589295368001-f233415e-cc36&#8243;][vc_column_text]Vitigno a bacca bianca.<br \/>\nIl Ruzzese pu\u00f2 essere usato:<br \/>\n\u2022 come vitigno complementare in tutte le DOP e IGP regionali[\/vc_column_text][\/vc_tta_section][vc_tta_section title=&#8221;Sangiovese&#8221; tab_id=&#8221;1589295386952-a02a5710-5420&#8243;][vc_column_text]Vitigno a bacca rossa.<br \/>\nIl Sangiovese pu\u00f2 essere usato:<br \/>\n\u2022 come vitigno principale nella IGP Liguria di Levante Sangiovese (min. 85%);<br \/>\n\u2022 come vitigno secondario nella DOP Colline di Levanto Rosso (min. 30%), nella DOP Colli di Luni Rosso (min. 50%), nella DOP Val Polcevera (min. 60%, da solo o congiuntamente al Dolcetto e\/o al Ciliegiolo);<br \/>\n\u2022 come vitigno complementare in tutte le DOP e IGP regionali.[\/vc_column_text][\/vc_tta_section][vc_tta_section title=&#8221;Sauvignon&#8221; tab_id=&#8221;1589295405188-f334bb08-da74&#8243;][vc_column_text]Vitigno a bacca bianca.<br \/>\nIl Sauvignon pu\u00f2 essere usato.<br \/>\n\u2022 come vitigno complementare in tutte le DOP e IGP regionali.[\/vc_column_text][\/vc_tta_section][vc_tta_section title=&#8221;Scimisci\u00e0&#8221; tab_id=&#8221;1589295420540-70e0ff36-1f0a&#8221;][vc_column_text]Vitigno a bacca bianca.<br \/>\nLa Scimisci\u00e0, o Cimixi\u00e0, pu\u00f2 essere usata :<br \/>\n\u2022 come vitigno principale nella DOP Golfo del Tigullio \u2013 Portofino (min. 85%);<br \/>\n\u2022 come vitigno complementare in tutte le DOP e IGP regionali.[\/vc_column_text][\/vc_tta_section][vc_tta_section title=&#8221;Syrah&#8221; tab_id=&#8221;1589295441192-2556eb4f-fdc5&#8243;][vc_column_text]Vitigno a bacca rossa.<br \/>\nIl Syrah pu\u00f2 essere usato:<br \/>\n\u2022 come vitigno principale nella IGP Liguria di Levante Syrah (min. 85%);<br \/>\n\u2022 come vitigno complementare in tutte le DOP e IGP regionali.[\/vc_column_text][\/vc_tta_section][vc_tta_section title=&#8221;Trebbiano toscano&#8221; tab_id=&#8221;1589294694661-cb4bb9c8-c089&#8243;][vc_column_text]Vitigno a bacca bianca.<br \/>\nIl Trebbiano toscano pu\u00f2 essere usato:<br \/>\n\u2022 come vitigno principale nella IGP Liguria di Levante Trebbiano Toscano (min. 85%);<br \/>\n\u2022 come vitigno complementare in tutte le DOP e IGP regionali.[\/vc_column_text][\/vc_tta_section][vc_tta_section title=&#8221;Vermentino&#8221; tab_id=&#8221;1589295463230-7fe72efe-b04f&#8221;][vc_column_text]Vitigno a bacca bianca.<br \/>\nIl Vermentino pu\u00f2 essere usato:<br \/>\n\u2022 come vitigno principale nella DOP Colli di Luni Vermentino (min. 90%), nella DOP Colline di Levanto Vermentino (min. 85%), nella DOP Val Polcevera Vermentino (min. 85%), nella DOP Golfo del Tigullio \u2013 Portofino Vermentino (min. 85%), nella DOC Riviera Ligure di Ponente Vermentino (min. 95%);<br \/>\n\u2022 come vitigno secondario nella DOP Colli di Luni Bianco (min. 35%), nella DOP Colline di Levanto Bianco (mi. 40%), nella DOP Cinque Terre e Cinque Terre Schiaccetr\u00e0 (max. 40%, da solo o congiuntamente all\u2019Albarola);<br \/>\n\u2022 come vitigno complementare in tutte le DOP e IGP regionali.[\/vc_column_text][\/vc_tta_section][\/vc_tta_accordion][\/vc_column][\/vc_row]<\/p>\n","protected":false},"excerpt":{"rendered":"<p>[vc_row full_width=&#8221;stretch_row&#8221; css=&#8221;.vc_custom_1589545059135{margin-top: 7% !important;margin-bottom: 0px !important;padding-top: 7% !important;padding-bottom: 5% !important;background-image: url(https:\/\/www.enotecaregionaleliguria.it\/wp-content\/uploads\/2020\/05\/5terre-hd-396-scaled-e1589458974605.jpg?id=26446) !important;background-position: center !important;background-repeat: no-repeat !important;background-size: cover !important;}&#8221; el_id=&#8221;viniheader&#8221;][vc_column][vc_column_text]&#8230;<\/p>\n","protected":false},"author":1,"featured_media":0,"parent":0,"menu_order":0,"comment_status":"closed","ping_status":"closed","template":"","meta":{"footnotes":""},"class_list":["post-25567","page","type-page","status-publish"],"_links":{"self":[{"href":"https:\/\/www.enotecaregionaleliguria.it\/index.php?rest_route=\/wp\/v2\/pages\/25567","targetHints":{"allow":["GET"]}}],"collection":[{"href":"https:\/\/www.enotecaregionaleliguria.it\/index.php?rest_route=\/wp\/v2\/pages"}],"about":[{"href":"https:\/\/www.enotecaregionaleliguria.it\/index.php?rest_route=\/wp\/v2\/types\/page"}],"author":[{"embeddable":true,"href":"https:\/\/www.enotecaregionaleliguria.it\/index.php?rest_route=\/wp\/v2\/users\/1"}],"replies":[{"embeddable":true,"href":"https:\/\/www.enotecaregionaleliguria.it\/index.php?rest_route=%2Fwp%2Fv2%2Fcomments&post=25567"}],"version-history":[{"count":32,"href":"https:\/\/www.enotecaregionaleliguria.it\/index.php?rest_route=\/wp\/v2\/pages\/25567\/revisions"}],"predecessor-version":[{"id":26750,"href":"https:\/\/www.enotecaregionaleliguria.it\/index.php?rest_route=\/wp\/v2\/pages\/25567\/revisions\/26750"}],"wp:attachment":[{"href":"https:\/\/www.enotecaregionaleliguria.it\/index.php?rest_route=%2Fwp%2Fv2%2Fmedia&parent=25567"}],"curies":[{"name":"wp","href":"https:\/\/api.w.org\/{rel}","templated":true}]}}